{"id":28068,"date":"2025-10-14T12:44:35","date_gmt":"2025-10-14T12:44:35","guid":{"rendered":"https:\/\/thermomiix.de\/?page_id=28068"},"modified":"2026-01-10T04:12:56","modified_gmt":"2026-01-10T04:12:56","slug":"aviso-legal","status":"publish","type":"page","link":"https:\/\/tm7shop.com\/pt\/aviso-legal\/","title":{"rendered":"Aviso legal"},"content":{"rendered":"\t\t<div data-elementor-type=\"wp-page\" data-elementor-id=\"28068\" class=\"elementor elementor-28068\" data-elementor-post-type=\"page\">\n\t\t\t\t<div class=\"wd-negative-gap elementor-element elementor-element-1460691 e-flex e-con-boxed e-con e-parent\" data-id=\"1460691\" data-element_type=\"container\" data-e-type=\"container\">\n\t\t\t\t\t<div class=\"e-con-inner\">\n\t\t\t\t<div class=\"elementor-element elementor-element-d85d998 elementor-widget elementor-widget-wd_text_block\" data-id=\"d85d998\" data-element_type=\"widget\" data-e-type=\"widget\" data-widget_type=\"wd_text_block.default\">\n\t\t\t\t<div class=\"elementor-widget-container\">\n\t\t\t\t\t\t\t<div class=\"wd-text-block reset-last-child text-left\">\n\t\t\t\n\t\t\t<div class=\"prose dark:prose-invert inline leading-relaxed break-words min-w-0 [word-break:break-word] prose-strong:font-medium [&amp;_&gt;*:first-child]:mt-0\">\n<p class=\"my-2 [&amp;+p]:mt-4 [&amp;_strong:has(+br)]:inline-block [&amp;_strong:has(+br)]:pb-2\">Aviso Legal<\/p>\n<p class=\"my-2 [&amp;+p]:mt-4 [&amp;_strong:has(+br)]:inline-block [&amp;_strong:has(+br)]:pb-2\">Elektro Spahn<br \/>Alte Stra\u00dfe 30, 38100 Braunschweig - Deutschland<\/p>\n<p class=\"my-2 [&amp;+p]:mt-4 [&amp;_strong:has(+br)]:inline-block [&amp;_strong:has(+br)]:pb-2\">Telefone: +49 155 113 029 46<br \/>E-Mail: contato<a class=\"reset interactable cursor-pointer decoration-1 underline-offset-1 text-super hover:underline font-semibold\" href=\"https:\/\/www.perplexity.ai\/search\/le-produit-thermomix-tm7-tradu-7ORm0uw2Shy8DD_DaLXYcg\" target=\"_blank\" rel=\"nofollow noopener\"><span class=\"text-box-trim-both\">@tm7shop.com<\/span><\/a><br \/>Website: <a class=\"reset interactable cursor-pointer decoration-1 underline-offset-1 text-super hover:underline font-semibold\" href=\"http:\/\/www.tm7shop.com\/\" target=\"_blank\" rel=\"nofollow noopener\"><span class=\"text-box-trim-both\">www.tm7shop.com<\/span><\/a><\/p>\n<p class=\"my-2 [&amp;+p]:mt-4 [&amp;_strong:has(+br)]:inline-block [&amp;_strong:has(+br)]:pb-2\">Registro comercial<\/p>\n<p class=\"my-2 [&amp;+p]:mt-4 [&amp;_strong:has(+br)]:inline-block [&amp;_strong:has(+br)]:pb-2\">Inscrita no registo comercial.<br \/>Tribunal de registo: Amtsgericht Koblenz<br \/>N\u00famero de registo comercial: HRB 89689<br \/>Forma jur\u00eddica: Sociedade de responsabilidade limitada (GmbH)<br \/>N\u00famero de identifica\u00e7\u00e3o de IVA de acordo com o \u00a727 a da Lei do IVA: a ser solicitado (DE\u2026)<\/p>\n<p class=\"my-2 [&amp;+p]:mt-4 [&amp;_strong:has(+br)]:inline-block [&amp;_strong:has(+br)]:pb-2\">Representante autorizado<\/p>\n<p class=\"my-2 [&amp;+p]:mt-4 [&amp;_strong:has(+br)]:inline-block [&amp;_strong:has(+br)]:pb-2\">Vice-diretor-geral:<br \/>Gerrard Klodwig<\/p>\n<p class=\"my-2 [&amp;+p]:mt-4 [&amp;_strong:has(+br)]:inline-block [&amp;_strong:has(+br)]:pb-2\">Respons\u00e1vel pelo conte\u00fado de acordo com o \u00a7 55 n.\u00ba 2 RStV<\/p>\n<p class=\"my-2 [&amp;+p]:mt-4 [&amp;_strong:has(+br)]:inline-block [&amp;_strong:has(+br)]:pb-2\">Elektro Spahn<br \/>Gerrard Klodwig<br \/>Alte Stra\u00dfe 30, 38100 Braunschweig<\/p>\n<p class=\"my-2 [&amp;+p]:mt-4 [&amp;_strong:has(+br)]:inline-block [&amp;_strong:has(+br)]:pb-2\">Exclus\u00e3o de responsabilidade<\/p>\n<p class=\"my-2 [&amp;+p]:mt-4 [&amp;_strong:has(+br)]:inline-block [&amp;_strong:has(+br)]:pb-2\">Os conte\u00fados das nossas p\u00e1ginas foram criados com o maior cuidado. No entanto, n\u00e3o podemos assumir qualquer garantia pela exatid\u00e3o, integralidade e atualidade dos conte\u00fados.<br \/>Enquanto prestador de servi\u00e7os, somos respons\u00e1veis, nos termos do \u00a7 7 n.\u00ba 1 TMG, pelos conte\u00fados pr\u00f3prios nestas p\u00e1ginas, de acordo com as leis gerais. Nos termos dos \u00a7\u00a7 8 a 10 TMG, n\u00e3o somos, contudo, obrigados, enquanto prestador de servi\u00e7os, a vigiar informa\u00e7\u00f5es de terceiros transmitidas ou armazenadas, nem a investigar circunst\u00e2ncias que indiquem atividade il\u00edcita.<\/p>\n<p class=\"my-2 [&amp;+p]:mt-4 [&amp;_strong:has(+br)]:inline-block [&amp;_strong:has(+br)]:pb-2\">As obriga\u00e7\u00f5es de remover ou bloquear a utiliza\u00e7\u00e3o de informa\u00e7\u00f5es, de acordo com as leis gerais, permanecem inalteradas. Uma responsabilidade a este respeito s\u00f3 \u00e9 poss\u00edvel a partir do momento do conhecimento de uma infra\u00e7\u00e3o concreta. Quando tomarmos conhecimento de infra\u00e7\u00f5es legais correspondentes, removeremos imediatamente esses conte\u00fados.<\/p>\n<p class=\"my-2 [&amp;+p]:mt-4 [&amp;_strong:has(+br)]:inline-block [&amp;_strong:has(+br)]:pb-2\">Direitos de autor<\/p>\n<p class=\"my-2 [&amp;+p]:mt-4 [&amp;_strong:has(+br)]:inline-block [&amp;_strong:has(+br)]:pb-2\">Os conte\u00fados e obras criados pelos operadores das p\u00e1ginas nestas p\u00e1ginas est\u00e3o sujeitos \u00e0 legisla\u00e7\u00e3o alem\u00e3 de direitos de autor. A reprodu\u00e7\u00e3o, edi\u00e7\u00e3o, distribui\u00e7\u00e3o e qualquer tipo de utiliza\u00e7\u00e3o fora dos limites da lei de direitos de autor requerem o consentimento pr\u00e9vio por escrito do respetivo autor ou criador.<\/p>\n<p class=\"my-2 [&amp;+p]:mt-4 [&amp;_strong:has(+br)]:inline-block [&amp;_strong:has(+br)]:pb-2\">Nota sobre empresas parceiras<\/p>\n<p class=\"my-2 [&amp;+p]:mt-4 [&amp;_strong:has(+br)]:inline-block [&amp;_strong:has(+br)]:pb-2\">A Elektro Spahn pode atuar como plataforma comercial para vendedores independentes. Os produtos, servi\u00e7os e conte\u00fados oferecidos (por exemplo, descri\u00e7\u00f5es, pre\u00e7os, condi\u00e7\u00f5es de entrega) s\u00e3o, neste caso, da responsabilidade exclusiva dos respetivos fornecedores.<br \/>A Thermos GmbH n\u00e3o \u00e9, nesses casos, parte contratante de um eventual contrato de compra e n\u00e3o assume qualquer garantia pela exatid\u00e3o ou legalidade das ofertas. Para a encomenda, aplicam-se os termos e condi\u00e7\u00f5es gerais e as informa\u00e7\u00f5es legais do respetivo vendedor.<\/p>\n<\/div>\n<p><!-- \/wp:paragraph --><\/p>\n\t\t\t\t\t<\/div>\n\t\t\t\t\t\t<\/div>\n\t\t\t\t<\/div>\n\t\t\t\t\t<\/div>\n\t\t\t\t<\/div>\n\t\t\t\t<\/div>\n\t\t","protected":false},"excerpt":{"rendered":"<p>Aviso Legal Elektro SpahnAlte Stra\u00dfe 30, 38100 Braunschweig &#8211; Deutschland Telefone: +49 155 113 029 46E-Mail: contato@tm7shop.comWebsite: www.tm7shop.com Registro comercial<\/p>\n","protected":false},"author":3,"featured_media":0,"parent":0,"menu_order":0,"comment_status":"closed","ping_status":"closed","template":"","meta":{"footnotes":""},"class_list":["post-28068","page","type-page","status-publish","hentry"],"_links":{"self":[{"href":"https:\/\/tm7shop.com\/pt\/wp-json\/wp\/v2\/pages\/28068","targetHints":{"allow":["GET"]}}],"collection":[{"href":"https:\/\/tm7shop.com\/pt\/wp-json\/wp\/v2\/pages"}],"about":[{"href":"https:\/\/tm7shop.com\/pt\/wp-json\/wp\/v2\/types\/page"}],"author":[{"embeddable":true,"href":"https:\/\/tm7shop.com\/pt\/wp-json\/wp\/v2\/users\/3"}],"replies":[{"embeddable":true,"href":"https:\/\/tm7shop.com\/pt\/wp-json\/wp\/v2\/comments?post=28068"}],"version-history":[{"count":23,"href":"https:\/\/tm7shop.com\/pt\/wp-json\/wp\/v2\/pages\/28068\/revisions"}],"predecessor-version":[{"id":28475,"href":"https:\/\/tm7shop.com\/pt\/wp-json\/wp\/v2\/pages\/28068\/revisions\/28475"}],"wp:attachment":[{"href":"https:\/\/tm7shop.com\/pt\/wp-json\/wp\/v2\/media?parent=28068"}],"curies":[{"name":"wp","href":"https:\/\/api.w.org\/{rel}","templated":true}]}}