{"id":28072,"date":"2025-10-14T12:48:41","date_gmt":"2025-10-14T12:48:41","guid":{"rendered":"https:\/\/thermomiix.de\/?page_id=28072"},"modified":"2026-01-10T04:23:47","modified_gmt":"2026-01-10T04:23:47","slug":"politica-de-cancelamento","status":"publish","type":"page","link":"https:\/\/tm7shop.com\/pt\/politica-de-cancelamento\/","title":{"rendered":"Pol\u00edtica de cancelamento"},"content":{"rendered":"\t\t<div data-elementor-type=\"wp-page\" data-elementor-id=\"28072\" class=\"elementor elementor-28072\" data-elementor-post-type=\"page\">\n\t\t\t\t<div class=\"wd-negative-gap elementor-element elementor-element-8db7c76 e-flex e-con-boxed e-con e-parent\" data-id=\"8db7c76\" data-element_type=\"container\" data-e-type=\"container\">\n\t\t\t\t\t<div class=\"e-con-inner\">\n\t\t\t\t<div class=\"elementor-element elementor-element-8009e7f elementor-widget elementor-widget-wd_text_block\" data-id=\"8009e7f\" data-element_type=\"widget\" data-e-type=\"widget\" data-widget_type=\"wd_text_block.default\">\n\t\t\t\t<div class=\"elementor-widget-container\">\n\t\t\t\t\t\t\t<div class=\"wd-text-block reset-last-child text-left\">\n\t\t\t\n\t\t\t<p>Pol\u00edtica de Cancelamento<\/p>\n<p>1. Direito de Cancelamento<\/p>\n<p>Tem o direito de cancelar este contrato no prazo de 14 dias, sem necessidade de justifica\u00e7\u00e3o.<\/p>\n<p>O prazo para o cancelamento \u00e9 de 14 dias a contar da data em que voc\u00ea, ou um terceiro por si indicado (que n\u00e3o seja o transportador), receber a mercadoria.<\/p>\n<p>Para exercer o seu direito de cancelamento, dever\u00e1 informar-nos da sua decis\u00e3o de cancelar este contrato atrav\u00e9s de uma declara\u00e7\u00e3o inequ\u00edvoca (por exemplo, por carta, e-mail ou fax).<\/p>\n<p>Envie a sua comunica\u00e7\u00e3o de cancelamento para:<\/p>\n<p>Elektro Spahn<br \/>Alte Stra\u00dfe 30, 38100 Braunschweig, Alemanha.<\/p>\n<p>contato@tm7shop.com<\/p>\n<p>+49 155 113 029 46<\/p>\n<p>Para cumprir o prazo de cancelamento, basta que envie a sua comunica\u00e7\u00e3o referente ao exerc\u00edcio do direito de cancelamento antes do termo do prazo de cancelamento.<br \/>2. Consequ\u00eancias da Desist\u00eancia<\/p>\n<p>Se desistir deste contrato, reembolsaremos todos os pagamentos recebidos, incluindo os custos de entrega (excluindo quaisquer custos adicionais incorridos no caso de ter escolhido um m\u00e9todo de entrega diferente da nossa op\u00e7\u00e3o de entrega padr\u00e3o).<\/p>\n<p>O reembolso ser\u00e1 efetuado sem demora injustificada e, o mais tardar, no prazo de 14 dias a contar da data de rece\u00e7\u00e3o da sua notifica\u00e7\u00e3o de desist\u00eancia.<\/p>\n<p>Para o reembolso, utilizaremos o mesmo m\u00e9todo de pagamento que utilizou na transa\u00e7\u00e3o original, salvo se expressamente acordado de outra forma.<\/p>\n<p>Em caso algum lhe ser\u00e3o cobradas quaisquer taxas referentes ao reembolso.<\/p>\n<p>3. Devolu\u00e7\u00e3o dos Produtos<\/p>\n<p>Dever\u00e1 devolver-nos ou entregar-nos os produtos sem demora injustificada e, o mais tardar, no prazo de 14 dias a contar da data em que nos notificou da sua desist\u00eancia:<\/p>\n<p>Elektro Spahn<\/p>\n<p>Alte Stra\u00dfe 30, 38100 Braunschweig, Alemanha.<\/p>\n<p>O prazo \u00e9 cumprido se enviar os produtos antes do fim do per\u00edodo de 14 dias.<\/p>\n<p>Poderemos reter o reembolso at\u00e9 recebermos os produtos de volta ou at\u00e9 que nos forne\u00e7a um comprovativo de envio, consoante o que ocorrer primeiro.<\/p>\n<p>Ap\u00f3s recebermos os produtos, temos at\u00e9 14 dias para analisar o caso e processar o reembolso.<\/p>\n<p>4. Custos de Envio da Devolu\u00e7\u00e3o<\/p>\n<p>N\u00f3s suportaremos os custos de devolu\u00e7\u00e3o ou recolha dos produtos.<\/p>\n<p>Sempre que poss\u00edvel, utilize a etiqueta de envio para devolu\u00e7\u00e3o que fornecemos.<\/p>\n<p>5. Responsabilidade por Desvaloriza\u00e7\u00e3o<\/p>\n<p>Ser\u00e1 respons\u00e1vel por qualquer desvaloriza\u00e7\u00e3o dos produtos resultante de um manuseamento que n\u00e3o seja o necess\u00e1rio para verificar a natureza, as caracter\u00edsticas e o funcionamento dos produtos.<\/p>\n<p>6.\u00ba Exce\u00e7\u00f5es ao Direito de Retirada<\/p>\n<p>Note que o direito de desist\u00eancia \u00e9 exclu\u00eddo por lei em certos casos.<\/p>\n<p>Isto inclui, em particular:<\/p>\n<p>Produtos fabricados de acordo com as especifica\u00e7\u00f5es do cliente ou claramente personalizados para satisfazer as necessidades pessoais;<\/p>\n<p>Produtos selados que n\u00e3o podem ser devolvidos por motivos de prote\u00e7\u00e3o da sa\u00fade ou higiene, caso o selo tenha sido violado ap\u00f3s a entrega;<\/p>\n<p>Produtos perec\u00edveis ou com prazo de validade curto.<\/p>\n<p>Informaremos caso a caso se estas exce\u00e7\u00f5es se aplicam ao seu pedido.<\/p>\n<p>Contato<\/p>\n<p>Elektro Spahn<br \/>contato@tm7shop.com<\/p>\n<p>+49 155 113 029 46<\/p>\n\t\t\t\t\t<\/div>\n\t\t\t\t\t\t<\/div>\n\t\t\t\t<\/div>\n\t\t\t\t\t<\/div>\n\t\t\t\t<\/div>\n\t\t\t\t<\/div>\n\t\t","protected":false},"excerpt":{"rendered":"<p>Pol\u00edtica de Cancelamento 1. Direito de Cancelamento Tem o direito de cancelar este contrato no prazo de 14 dias, sem<\/p>\n","protected":false},"author":3,"featured_media":0,"parent":0,"menu_order":0,"comment_status":"closed","ping_status":"closed","template":"","meta":{"footnotes":""},"class_list":["post-28072","page","type-page","status-publish","hentry"],"_links":{"self":[{"href":"https:\/\/tm7shop.com\/pt\/wp-json\/wp\/v2\/pages\/28072","targetHints":{"allow":["GET"]}}],"collection":[{"href":"https:\/\/tm7shop.com\/pt\/wp-json\/wp\/v2\/pages"}],"about":[{"href":"https:\/\/tm7shop.com\/pt\/wp-json\/wp\/v2\/types\/page"}],"author":[{"embeddable":true,"href":"https:\/\/tm7shop.com\/pt\/wp-json\/wp\/v2\/users\/3"}],"replies":[{"embeddable":true,"href":"https:\/\/tm7shop.com\/pt\/wp-json\/wp\/v2\/comments?post=28072"}],"version-history":[{"count":18,"href":"https:\/\/tm7shop.com\/pt\/wp-json\/wp\/v2\/pages\/28072\/revisions"}],"predecessor-version":[{"id":28492,"href":"https:\/\/tm7shop.com\/pt\/wp-json\/wp\/v2\/pages\/28072\/revisions\/28492"}],"wp:attachment":[{"href":"https:\/\/tm7shop.com\/pt\/wp-json\/wp\/v2\/media?parent=28072"}],"curies":[{"name":"wp","href":"https:\/\/api.w.org\/{rel}","templated":true}]}}