{"id":28074,"date":"2025-10-14T12:53:57","date_gmt":"2025-10-14T12:53:57","guid":{"rendered":"https:\/\/thermomiix.de\/?page_id=28074"},"modified":"2026-01-10T04:25:21","modified_gmt":"2026-01-10T04:25:21","slug":"envio-e-entrega","status":"publish","type":"page","link":"https:\/\/tm7shop.com\/pt\/envio-e-entrega\/","title":{"rendered":"Envio e entrega"},"content":{"rendered":"\t\t<div data-elementor-type=\"wp-page\" data-elementor-id=\"28074\" class=\"elementor elementor-28074\" data-elementor-post-type=\"page\">\n\t\t\t\t<div class=\"wd-negative-gap elementor-element elementor-element-b00d45e e-flex e-con-boxed e-con e-parent\" data-id=\"b00d45e\" data-element_type=\"container\" data-e-type=\"container\">\n\t\t\t\t\t<div class=\"e-con-inner\">\n\t\t\t\t<div class=\"elementor-element elementor-element-f50ae70 elementor-widget elementor-widget-wd_text_block\" data-id=\"f50ae70\" data-element_type=\"widget\" data-e-type=\"widget\" data-widget_type=\"wd_text_block.default\">\n\t\t\t\t<div class=\"elementor-widget-container\">\n\t\t\t\t\t\t\t<div class=\"wd-text-block reset-last-child text-left\">\n\t\t\t\n\t\t\t<p>Informa\u00e7\u00f5es Gerais sobre a Entrega<\/p><p>Na neuertm7-vorwerk, a entrega \u00e9 gratuita para todas as encomendas, independentemente da quantidade, dos artigos ou do destino.<\/p><p>Os nossos produtos s\u00e3o entregues exclusivamente na sua resid\u00eancia; n\u00e3o \u00e9 poss\u00edvel entregar em cacifos, caixas de correio ou pontos de recolha.<\/p><p>Contamos com parceiros de entrega fi\u00e1veis \u200b\u200bpara garantir uma entrega r\u00e1pida e segura.<\/p><p>Termos Detalhados de Entrega<\/p><p>Custo da Entrega: Gr\u00e1tis (sem portes de envio adicionais)<\/p><p>\u00c1reas de Entrega: Apenas entrega ao domic\u00edlio<\/p><p>Transportadoras: Transportadoras ou servi\u00e7os de encomendas fi\u00e1veis \u200b\u200bselecionados (dependendo do produto)<\/p><p>Prazo de Entrega: Geralmente de 3 a 5 dias \u00fateis (dependendo do destino e da disponibilidade do produto)<\/p><p>Observa\u00e7\u00f5es:<\/p><p>N\u00e3o efetuamos entregas aos fins de semana ou feriados.<\/p><p>Certifique-se de que o seu endere\u00e7o de entrega est\u00e1 completo e correto. Informa\u00e7\u00f5es incorretas podem causar atrasos na entrega ou devolu\u00e7\u00f5es.<\/p><p>Em caso de problemas ou atrasos na entrega, entraremos em contacto consigo o mais rapidamente poss\u00edvel por e-mail.<\/p><p>Condi\u00e7\u00f5es de Pagamento<\/p><p>Na meinthermomiix, atualmente apenas aceitamos os seguintes m\u00e9todos de pagamento:<\/p><p>Pagamento antecipado por transfer\u00eancia banc\u00e1ria<\/p><p>Ap\u00f3s concluir o seu pedido, receber\u00e1 os nossos dados banc\u00e1rios e todas as informa\u00e7\u00f5es necess\u00e1rias para o pagamento por e-mail. O seu pedido ser\u00e1 processado e enviado assim que o pagamento integral for recebido na nossa conta comercial.<\/p><p>Informa\u00e7\u00f5es importantes sobre o pagamento:<\/p><p>Prazo de pagamento: At\u00e9 7 dias ap\u00f3s a realiza\u00e7\u00e3o da encomenda<\/p><p>Assunto: Inclua o n\u00famero da sua encomenda<\/p><p>Envio: Ap\u00f3s rece\u00e7\u00e3o do pagamento<\/p><p>Informa\u00e7\u00e3o da empresa (de acordo com o Artigo 5\u00ba da Lei Alem\u00e3 das Telemedia (TMG))<\/p><p>D\u00favidas? Entre em contacto connosco!<\/p><p>Elektro Spahn<br \/>Alte Stra\u00dfe 30, 38100 Braunschweig, Alemanha<\/p><p>E-mail: contato@tm7shop.com<br \/>Telefone: +49 155 113 029 46<br \/>Website: tm7shop.com<\/p>\n\t\t\t\t\t<\/div>\n\t\t\t\t\t\t<\/div>\n\t\t\t\t<\/div>\n\t\t\t\t\t<\/div>\n\t\t\t\t<\/div>\n\t\t\t\t<\/div>\n\t\t","protected":false},"excerpt":{"rendered":"<p>Informa\u00e7\u00f5es Gerais sobre a Entrega Na neuertm7-vorwerk, a entrega \u00e9 gratuita para todas as encomendas, independentemente da quantidade, dos artigos<\/p>\n","protected":false},"author":3,"featured_media":0,"parent":0,"menu_order":0,"comment_status":"closed","ping_status":"closed","template":"","meta":{"footnotes":""},"class_list":["post-28074","page","type-page","status-publish","hentry"],"_links":{"self":[{"href":"https:\/\/tm7shop.com\/pt\/wp-json\/wp\/v2\/pages\/28074","targetHints":{"allow":["GET"]}}],"collection":[{"href":"https:\/\/tm7shop.com\/pt\/wp-json\/wp\/v2\/pages"}],"about":[{"href":"https:\/\/tm7shop.com\/pt\/wp-json\/wp\/v2\/types\/page"}],"author":[{"embeddable":true,"href":"https:\/\/tm7shop.com\/pt\/wp-json\/wp\/v2\/users\/3"}],"replies":[{"embeddable":true,"href":"https:\/\/tm7shop.com\/pt\/wp-json\/wp\/v2\/comments?post=28074"}],"version-history":[{"count":15,"href":"https:\/\/tm7shop.com\/pt\/wp-json\/wp\/v2\/pages\/28074\/revisions"}],"predecessor-version":[{"id":28495,"href":"https:\/\/tm7shop.com\/pt\/wp-json\/wp\/v2\/pages\/28074\/revisions\/28495"}],"wp:attachment":[{"href":"https:\/\/tm7shop.com\/pt\/wp-json\/wp\/v2\/media?parent=28074"}],"curies":[{"name":"wp","href":"https:\/\/api.w.org\/{rel}","templated":true}]}}