{"id":28076,"date":"2025-10-14T12:56:14","date_gmt":"2025-10-14T12:56:14","guid":{"rendered":"https:\/\/thermomiix.de\/?page_id=28076"},"modified":"2026-01-10T04:21:52","modified_gmt":"2026-01-10T04:21:52","slug":"agb","status":"publish","type":"page","link":"https:\/\/tm7shop.com\/pt\/agb\/","title":{"rendered":"AGB"},"content":{"rendered":"\t\t<div data-elementor-type=\"wp-page\" data-elementor-id=\"28076\" class=\"elementor elementor-28076\" data-elementor-post-type=\"page\">\n\t\t\t\t<div class=\"wd-negative-gap elementor-element elementor-element-83b6e74 e-flex e-con-boxed e-con e-parent\" data-id=\"83b6e74\" data-element_type=\"container\" data-e-type=\"container\">\n\t\t\t\t\t<div class=\"e-con-inner\">\n\t\t\t\t<div class=\"elementor-element elementor-element-c8b8e0b elementor-widget elementor-widget-wd_text_block\" data-id=\"c8b8e0b\" data-element_type=\"widget\" data-e-type=\"widget\" data-widget_type=\"wd_text_block.default\">\n\t\t\t\t<div class=\"elementor-widget-container\">\n\t\t\t\t\t\t\t<div class=\"wd-text-block reset-last-child text-left\">\n\t\t\t\n\t\t\t<h4>Termos e Condi\u00e7\u00f5es Gerais da Elektro Spahn<\/h4><p>1. \u00c2mbito de Aplica\u00e7\u00e3o<\/p><p>Os seguintes Termos e Condi\u00e7\u00f5es Gerais aplicam-se a todas as encomendas efetuadas atrav\u00e9s da nossa loja online por consumidores e empresas.<\/p><p>Consumidor \u00e9 qualquer pessoa singular que celebre um neg\u00f3cio jur\u00eddico para fins que n\u00e3o sejam predominantemente comerciais nem relacionados com a sua atividade profissional independente. Empresa \u00e9 uma pessoa singular ou coletiva, ou uma sociedade com personalidade jur\u00eddica, que, ao celebrar um neg\u00f3cio jur\u00eddico, atue no \u00e2mbito da sua atividade comercial ou profissional independente.<\/p><p>Os presentes Termos e Condi\u00e7\u00f5es Gerais aplicam-se tamb\u00e9m a futuras rela\u00e7\u00f5es comerciais com empresas, sem necessidade de os voltarmos a mencionar. Quaisquer termos e condi\u00e7\u00f5es contradit\u00f3rios ou suplementares utilizados pela empresa s\u00e3o expressamente rejeitados; apenas far\u00e3o parte do contrato se os tivermos expressamente aceite.<\/p><p>2. Parte Contratante, Celebra\u00e7\u00e3o do Contrato<br \/>O contrato de compra e venda \u00e9 celebrado com a Elektro Spahn, Alte Stra\u00dfe 30, 38100 Braunschweig, Alemanha.<\/p><p>A apresenta\u00e7\u00e3o dos produtos na nossa loja online n\u00e3o constitui uma oferta juridicamente vinculativa, mas sim um cat\u00e1logo online n\u00e3o vinculativo. Pode adicionar os produtos ao seu carrinho de compras sem compromisso e corrigir as suas escolhas a qualquer momento antes de enviar o seu pedido vinculativo, utilizando as ferramentas de corre\u00e7\u00e3o fornecidas e explicadas durante o processo de compra. Ao clicar no bot\u00e3o \"Finalizar Compra\", envia um pedido vinculativo dos produtos contidos no seu carrinho de compras. A confirma\u00e7\u00e3o da rece\u00e7\u00e3o do seu pedido ser\u00e1 enviada por e-mail imediatamente ap\u00f3s o envio.<\/p><p>A celebra\u00e7\u00e3o do contrato connosco depende da forma de pagamento escolhida:<\/p><p>Transfer\u00eancia Banc\u00e1ria<br \/>Aceitamos pagamentos por transfer\u00eancia banc\u00e1ria. Este m\u00e9todo de pagamento \u00e9 seguro e permite-lhe efetuar um pagamento com confian\u00e7a atrav\u00e9s do seu banco online ou numa ag\u00eancia. Receber\u00e1 os dados necess\u00e1rios para a transfer\u00eancia (IBAN, BIC, titular da conta) ap\u00f3s a confirma\u00e7\u00e3o da encomenda.<\/p><p>Cart\u00e3o de Cr\u00e9dito<br \/>Ao fazer o seu pedido, transmite-nos simultaneamente os dados do seu cart\u00e3o de cr\u00e9dito. Ap\u00f3s verificarmos a sua identidade como titular leg\u00edtimo do cart\u00e3o, iremos solicitar ao seu operador de cart\u00e3o de cr\u00e9dito que inicie a transa\u00e7\u00e3o de pagamento, aceitando assim a sua oferta.<\/p><p>Pol\u00edtica de Cancelamento<\/p><p>Se cancelar este contrato, reembolsaremos todos os pagamentos recebidos, incluindo os custos de entrega, sem demora injustificada e, o mais tardar, no prazo de catorze dias a contar da data em que recebermos a sua notifica\u00e7\u00e3o de cancelamento.<\/p><p>Para este reembolso, utilizaremos o mesmo m\u00e9todo de pagamento que utilizou na transa\u00e7\u00e3o original, salvo se expressamente acordado de outra forma. Em caso algum ser\u00e3o cobradas quaisquer taxas por este reembolso.<\/p><p>Dever\u00e1 devolver ou entregar os produtos \u00e0 Elektro Spahn, Alte Stra\u00dfe 30, 38100 Braunschweig, Alemanha, sem demora injustificada e, em qualquer caso, o mais tardar em catorze dias a contar da data em que nos notificou do cancelamento do presente contrato. O prazo \u00e9 cumprido se enviar os produtos antes do fim do per\u00edodo de catorze dias.<\/p><p>O cliente suporta os custos de envio da devolu\u00e7\u00e3o.<\/p><p>S\u00f3 ser\u00e1 respons\u00e1vel por qualquer diminui\u00e7\u00e3o do valor dos produtos resultante de manuseamento que n\u00e3o seja a necess\u00e1ria para estabelecer a natureza, as caracter\u00edsticas e o funcionamento dos produtos.<\/p><p>Consequ\u00eancias do Cancelamento<br \/>Envio por Encomenda: Os reembolsos ser\u00e3o emitidos de imediato, no m\u00e1ximo at\u00e9 14 dias ap\u00f3s a rece\u00e7\u00e3o da mercadoria devolvida.<\/p><p>Envio por Transportadora: Se a mercadoria necessitar de ser devolvida por transportadora devido \u00e0 sua natureza, o cliente suportar\u00e1 os custos diretos do envio de devolu\u00e7\u00e3o. Se o cliente contratar a Neff GmbH para tratar do transporte de devolu\u00e7\u00e3o, os custos ser\u00e3o acordados separadamente.<\/p><p>Formul\u00e1rio de Cancelamento<br \/>Se desejar cancelar o contrato, envie este formul\u00e1rio para contato@tm7shop.com ou por correio para Elektro Spahn, Alte Stra\u00dfe 30, 38100 Braunschweig, Alemanha.<\/p><p>3.\u00ba Idioma do Contrato, Armazenamento do Texto do Contrato<br \/>A l\u00edngua dispon\u00edvel para a celebra\u00e7\u00e3o do contrato \u00e9 o alem\u00e3o. O texto do contrato est\u00e1 armazenado e pode ser enviado por e-mail mediante pedido.<\/p><p>4. Condi\u00e7\u00f5es de Entrega<br \/>A entrega na Alemanha \u00e9 gratuita; entregas para outros pa\u00edses est\u00e3o sujeitas a acordo. O levantamento diretamente na Elektro Spahn \u00e9 poss\u00edvel mediante agendamento.<\/p><p>5.\u00ba Pagamento<br \/>M\u00e9todos de pagamento: Transfer\u00eancia banc\u00e1ria, cart\u00e3o de cr\u00e9dito \u2013 conforme descrito acima.<\/p><p>6.\u00ba Reserva de Dom\u00ednio<br \/>Os bens permanecem propriedade da Elektro Spahn at\u00e9 que o pagamento integral seja recebido.<\/p><p>7. Danos no Transporte<br \/>Por favor, informe imediatamente o motorista da entrega sobre quaisquer danos vis\u00edveis e a Elektro Spahn.<\/p><p>8. Garantia<br \/>Aplicam-se os direitos de garantia previstos na lei.<\/p><p>9. Responsabilidade<br \/>A Elektro Spahn n\u00e3o se responsabiliza por danos causados \u200b\u200bpor atos intencionais ou por neglig\u00eancia grave.<\/p><p>Somos respons\u00e1veis, sem limita\u00e7\u00e3o, por viola\u00e7\u00f5es de deveres, danos \u00e0 vida, \u00e0 integridade f\u00edsica ou \u00e0 sa\u00fade.<\/p><p>10. Resolu\u00e7\u00e3o de Lit\u00edgios<br \/>Plataforma de Resolu\u00e7\u00e3o de Lit\u00edgios Online: https:\/\/ec.europa.eu\/consumers\/odr\/<\/p><p>11. Disposi\u00e7\u00f5es Finais<br \/>Para as empresas, aplica-se a lei alem\u00e3, excluindo a Conven\u00e7\u00e3o das Na\u00e7\u00f5es Unidas sobre Contratos de Compra e Venda Internacional de Mercadorias (CISG). O foro competente \u00e9 Koblenz.<\/p><p>Estado: dezembro de 2025 \/ Elektro Spahn<\/p>\n\t\t\t\t\t<\/div>\n\t\t\t\t\t\t<\/div>\n\t\t\t\t<\/div>\n\t\t\t\t\t<\/div>\n\t\t\t\t<\/div>\n\t\t\t\t<\/div>\n\t\t","protected":false},"excerpt":{"rendered":"<p>Termos e Condi\u00e7\u00f5es Gerais da Elektro Spahn 1. \u00c2mbito de Aplica\u00e7\u00e3o Os seguintes Termos e Condi\u00e7\u00f5es Gerais aplicam-se a todas<\/p>\n","protected":false},"author":3,"featured_media":0,"parent":0,"menu_order":0,"comment_status":"closed","ping_status":"closed","template":"","meta":{"footnotes":""},"class_list":["post-28076","page","type-page","status-publish","hentry"],"_links":{"self":[{"href":"https:\/\/tm7shop.com\/pt\/wp-json\/wp\/v2\/pages\/28076","targetHints":{"allow":["GET"]}}],"collection":[{"href":"https:\/\/tm7shop.com\/pt\/wp-json\/wp\/v2\/pages"}],"about":[{"href":"https:\/\/tm7shop.com\/pt\/wp-json\/wp\/v2\/types\/page"}],"author":[{"embeddable":true,"href":"https:\/\/tm7shop.com\/pt\/wp-json\/wp\/v2\/users\/3"}],"replies":[{"embeddable":true,"href":"https:\/\/tm7shop.com\/pt\/wp-json\/wp\/v2\/comments?post=28076"}],"version-history":[{"count":28,"href":"https:\/\/tm7shop.com\/pt\/wp-json\/wp\/v2\/pages\/28076\/revisions"}],"predecessor-version":[{"id":28488,"href":"https:\/\/tm7shop.com\/pt\/wp-json\/wp\/v2\/pages\/28076\/revisions\/28488"}],"wp:attachment":[{"href":"https:\/\/tm7shop.com\/pt\/wp-json\/wp\/v2\/media?parent=28076"}],"curies":[{"name":"wp","href":"https:\/\/api.w.org\/{rel}","templated":true}]}}