{"id":3,"date":"2025-10-13T14:19:16","date_gmt":"2025-10-13T14:19:16","guid":{"rendered":"https:\/\/thermomiix.de\/?page_id=3"},"modified":"2026-01-10T04:08:33","modified_gmt":"2026-01-10T04:08:33","slug":"politica-de-privacidade","status":"publish","type":"page","link":"https:\/\/tm7shop.com\/pt\/politica-de-privacidade\/","title":{"rendered":"Pol\u00edtica de Privacidade"},"content":{"rendered":"\t\t<div data-elementor-type=\"wp-page\" data-elementor-id=\"3\" class=\"elementor elementor-3\" data-elementor-post-type=\"page\">\n\t\t\t\t<div class=\"wd-negative-gap elementor-element elementor-element-6b8cf3f e-flex e-con-boxed e-con e-parent\" data-id=\"6b8cf3f\" data-element_type=\"container\" data-e-type=\"container\">\n\t\t\t\t\t<div class=\"e-con-inner\">\n\t\t\t\t<div class=\"elementor-element elementor-element-b20c51a elementor-widget elementor-widget-wd_text_block\" data-id=\"b20c51a\" data-element_type=\"widget\" data-e-type=\"widget\" data-widget_type=\"wd_text_block.default\">\n\t\t\t\t<div class=\"elementor-widget-container\">\n\t\t\t\t\t\t\t<div class=\"wd-text-block reset-last-child text-left\">\n\t\t\t\n\t\t\t<h2 class=\"wp-block-heading\">Pol\u00edtica de Privacidade<\/h2>\n<p><!-- \/wp:heading --><!-- wp:heading {\"level\":3} --><\/p>\n<h3 class=\"wp-block-heading\"><strong>1. Respons\u00e1vel<\/strong><\/h3>\n<p><!-- \/wp:heading --><!-- wp:paragraph --><\/p>\n<p><strong data-start=\"4847\" data-end=\"4864\">Elektro Spahn<\/strong><br \/>Alte Stra\u00dfe 30, 38100 Braunschweig , Deutschland.<br \/>Telefon: +49 155 113 029 46<br \/>E-Mail: Contato@<a>tm7shop.com<\/a><br \/>Website: www.<a>tm7shop.com<\/a><\/p>\n<p><!-- \/wp:paragraph --><!-- wp:paragraph --><\/p>\n<p>Representado por:<br \/>Diretor-Geral Adjunto: Gerrad Klodwig<\/p>\n<p>Registo Comercial: Braunschweig HRB 321654<\/p>\n<p><!-- \/wp:paragraph --><!-- wp:paragraph --><\/p>\n<p><!-- \/wp:paragraph --><!-- wp:separator --><\/p>\n<hr class=\"wp-block-separator has-alpha-channel-opacity\" \/>\n<p><!-- \/wp:separator --><!-- wp:heading {\"level\":3} --><\/p>\n<h3 class=\"wp-block-heading\">2. Informa\u00e7\u00f5es gerais sobre o processamento de dados<\/h3>\n<p><!-- \/wp:heading --><!-- wp:paragraph --><\/p>\n<p>Levamos a prote\u00e7\u00e3o dos seus dados pessoais muito a s\u00e9rio. Os dados pessoais s\u00e3o tratados de forma confidencial e em conformidade com as normas legais de prote\u00e7\u00e3o de dados e com a presente pol\u00edtica de privacidade.<\/p>\n<p>Ao visitar o nosso site, podem ser recolhidos dados pessoais, como o endere\u00e7o IP, o browser utilizado, o hor\u00e1rio de acesso, etc. Estes dados s\u00e3o utilizados exclusivamente para garantir o bom funcionamento do site e n\u00e3o s\u00e3o utilizados para identificar o utilizador.<\/p>\n<p><!-- \/wp:paragraph --><!-- wp:separator --><\/p>\n<hr class=\"wp-block-separator has-alpha-channel-opacity\" \/>\n<p><!-- \/wp:separator --><!-- wp:heading {\"level\":3} --><\/p>\n<h3 class=\"wp-block-heading\">3. Recolha e utiliza\u00e7\u00e3o de dados pessoais<\/h3>\n<p><!-- \/wp:heading --><!-- wp:paragraph --><\/p>\n<p>S\u00f3 tratamos dados pessoais se tal for legalmente permitido ou se consentir na recolha de dados.<\/p>\n<p>Os dados tratados \u200b\u200bincluem, nomeadamente:<\/p>\n<p><!-- \/wp:paragraph --><!-- wp:list --><\/p>\n<ul class=\"wp-block-list\"><!-- wp:list-item -->\n<li>Dados de contacto (ex.: nome, endere\u00e7o de e-mail, n\u00famero de telefone)<\/li>\n<!-- \/wp:list-item --><!-- wp:list-item -->\n<li>Dados contratuais (ex.: servi\u00e7os, conte\u00fado do contrato, categoria do cliente)<\/li>\n<!-- \/wp:list-item --><!-- wp:list-item -->\n<li>Dados de utiliza\u00e7\u00e3o (ex.: websites visitados, hor\u00e1rios de acesso, endere\u00e7os IP)<\/li>\n<!-- \/wp:list-item --><\/ul>\n<p><!-- \/wp:list --><!-- wp:separator --><\/p>\n<hr class=\"wp-block-separator has-alpha-channel-opacity\" \/>\n<p><!-- \/wp:separator --><!-- wp:heading {\"level\":3} --><\/p>\n<h3 class=\"wp-block-heading\"><strong>4. Cookies<\/strong><\/h3>\n<p><!-- \/wp:heading --><!-- wp:paragraph --><\/p>\n<p>O nosso website utiliza cookies para fornecer determinadas funcionalidades e melhorar a experi\u00eancia do utilizador. Pode configurar o seu navegador para o notificar quando os cookies est\u00e3o a ser instalados e para permitir cookies apenas em casos espec\u00edficos.<\/p>\n<p><!-- \/wp:paragraph --><!-- wp:separator --><\/p>\n<hr class=\"wp-block-separator has-alpha-channel-opacity\" \/>\n<p><!-- \/wp:separator --><!-- wp:heading {\"level\":3} --><\/p>\n<h3 class=\"wp-block-heading\">5. Formul\u00e1rio de contacto e contacto por e-mail<\/h3>\n<p><!-- \/wp:heading --><!-- wp:paragraph --><\/p>\n<p>Se nos enviar perguntas atrav\u00e9s do formul\u00e1rio de contacto ou por e-mail, as suas informa\u00e7\u00f5es, incluindo os dados de contacto fornecidos, ser\u00e3o armazenadas para processar o pedido e para o caso de eventuais perguntas subsequentes. N\u00e3o partilharemos estes dados sem o seu consentimento.<\/p>\n<p><!-- \/wp:paragraph --><!-- wp:separator --><\/p>\n<hr class=\"wp-block-separator has-alpha-channel-opacity\" \/>\n<p><!-- \/wp:separator --><!-- wp:heading {\"level\":3} --><\/p>\n<h3 class=\"wp-block-heading\"><strong>6. An\u00e1lise da Web<\/strong><\/h3>\n<p><!-- \/wp:heading --><!-- wp:paragraph --><\/p>\n<p>O nosso website pode utilizar ferramentas para an\u00e1lise estat\u00edstica do n\u00famero de visitantes (por exemplo, Google Analytics). Os dados recolhidos s\u00e3o anonimizados e utilizados exclusivamente para melhorar os nossos servi\u00e7os.<\/p>\n<p><!-- \/wp:paragraph --><!-- wp:separator --><\/p>\n<hr class=\"wp-block-separator has-alpha-channel-opacity\" \/>\n<p><!-- \/wp:separator --><!-- wp:heading {\"level\":3} --><\/p>\n<h3 class=\"wp-block-heading\">7. Os seus direitos<\/h3>\n<p><!-- \/wp:heading --><!-- wp:paragraph --><\/p>\n<p>Tem direito a:<\/p>\n<p><!-- \/wp:paragraph --><!-- wp:list --><\/p>\n<ul class=\"wp-block-list\"><!-- wp:list-item -->\n<li>Informa\u00e7\u00e3o sobre os seus dados armazenados,<\/li>\n<!-- \/wp:list-item --><!-- wp:list-item -->\n<li>Corre\u00e7\u00e3o de dados imprecisos,<\/li>\n<!-- \/wp:list-item --><!-- wp:list-item -->\n<li>Exclus\u00e3o (\u201cdireito ao esquecimento\u201d),<\/li>\n<!-- \/wp:list-item --><!-- wp:list-item -->\n<li>Restri\u00e7\u00e3o de processamento,<\/li>\n<!-- \/wp:list-item --><!-- wp:list-item -->\n<li>Obje\u00e7\u00e3o ao processamento,<\/li>\n<!-- \/wp:list-item --><!-- wp:list-item -->\n<li>Portabilidade de dados.<\/li>\n<!-- \/wp:list-item --><\/ul>\n<p><!-- \/wp:list --><!-- wp:paragraph --><\/p>\n<p>Caso pretenda exercer algum destes direitos, contacte:Contato@<a>tm7shop.com<\/a><\/p>\n<p><!-- \/wp:paragraph --><!-- wp:separator --><\/p>\n<hr class=\"wp-block-separator has-alpha-channel-opacity\" \/>\n<p><!-- \/wp:separator --><!-- wp:heading {\"level\":3} --><\/p>\n<h3 class=\"wp-block-heading\"><strong>8. Seguran\u00e7a de dados<\/strong><\/h3>\n<p><!-- \/wp:heading --><!-- wp:paragraph --><\/p>\n<p>Adotamos medidas t\u00e9cnicas e organizacionais para proteger os seus dados contra perda, manipula\u00e7\u00e3o ou acesso n\u00e3o autorizado.<\/p>\n<p><!-- \/wp:paragraph --><!-- wp:separator --><\/p>\n<hr class=\"wp-block-separator has-alpha-channel-opacity\" \/>\n<p><!-- \/wp:separator --><!-- wp:heading {\"level\":3} --><\/p>\n<h3 class=\"wp-block-heading\">9. Altera\u00e7\u00f5es \u00e0 presente Pol\u00edtica de Privacidade<\/h3>\n<p><!-- \/wp:heading --><!-- wp:paragraph --><\/p>\n<p>Reservamo-nos o direito de alterar esta pol\u00edtica de privacidade periodicamente para garantir que est\u00e1 sempre em conformidade com os requisitos legais em vigor ou reflete altera\u00e7\u00f5es nos nossos servi\u00e7os.<\/p>\n<p><!-- \/wp:paragraph --><\/p>\n\t\t\t\t\t<\/div>\n\t\t\t\t\t\t<\/div>\n\t\t\t\t<\/div>\n\t\t\t\t\t<\/div>\n\t\t\t\t<\/div>\n\t\t\t\t<\/div>\n\t\t","protected":false},"excerpt":{"rendered":"<p>Pol\u00edtica de Privacidade 1. Respons\u00e1vel Elektro SpahnAlte Stra\u00dfe 30, 38100 Braunschweig , Deutschland.Telefon: +49 155 113 029 46E-Mail: Contato@tm7shop.comWebsite: www.tm7shop.com<\/p>\n","protected":false},"author":3,"featured_media":0,"parent":0,"menu_order":0,"comment_status":"closed","ping_status":"closed","template":"","meta":{"footnotes":""},"class_list":["post-3","page","type-page","status-publish","hentry"],"_links":{"self":[{"href":"https:\/\/tm7shop.com\/pt\/wp-json\/wp\/v2\/pages\/3","targetHints":{"allow":["GET"]}}],"collection":[{"href":"https:\/\/tm7shop.com\/pt\/wp-json\/wp\/v2\/pages"}],"about":[{"href":"https:\/\/tm7shop.com\/pt\/wp-json\/wp\/v2\/types\/page"}],"author":[{"embeddable":true,"href":"https:\/\/tm7shop.com\/pt\/wp-json\/wp\/v2\/users\/3"}],"replies":[{"embeddable":true,"href":"https:\/\/tm7shop.com\/pt\/wp-json\/wp\/v2\/comments?post=3"}],"version-history":[{"count":17,"href":"https:\/\/tm7shop.com\/pt\/wp-json\/wp\/v2\/pages\/3\/revisions"}],"predecessor-version":[{"id":28472,"href":"https:\/\/tm7shop.com\/pt\/wp-json\/wp\/v2\/pages\/3\/revisions\/28472"}],"wp:attachment":[{"href":"https:\/\/tm7shop.com\/pt\/wp-json\/wp\/v2\/media?parent=3"}],"curies":[{"name":"wp","href":"https:\/\/api.w.org\/{rel}","templated":true}]}}