{"id":27883,"date":"2025-10-13T15:09:41","date_gmt":"2025-10-13T15:09:41","guid":{"rendered":"https:\/\/thermomiix.de\/?post_type=product&#038;p=27883"},"modified":"2026-01-10T02:56:24","modified_gmt":"2026-01-10T02:56:24","slug":"thermomix-tm7","status":"publish","type":"product","link":"https:\/\/tm7shop.com\/pt\/produit\/thermomix-tm7\/","title":{"rendered":"Bimby\u00ae TM7. (Oferta de teste de 30 dias \u2013 satisfeito ou o seu dinheiro de volta)"},"content":{"rendered":"<p><strong>Detalhes t\u00e9cnicos<\/strong><\/p>\n<p><strong>Motor<\/strong><\/p>\n<p>Motor de relut\u00e2ncia Vorwerk sem manuten\u00e7\u00e3o, pot\u00eancia nominal de 500 W<br \/>\nControlo de velocidade infinitamente vari\u00e1vel de 100 a 10.700 rpm (defini\u00e7\u00e3o para mistura suave: 40 rpm).<\/p>\n<p>Configura\u00e7\u00e3o especial de velocidade (opera\u00e7\u00e3o intervalada) para o modo &#8220;sovar massa&#8221;.<\/p>\n<p>Prote\u00e7\u00e3o contra sobrecarga por meio de prote\u00e7\u00e3o eletr\u00f3nica do motor.<\/p>\n<p><strong>Aquecimento<\/strong><\/p>\n<p>Consumo de energia de 1.000 W. Prote\u00e7\u00e3o contra sobreaquecimento.<\/p>\n<p><strong>Balan\u00e7a integrada<\/strong><\/p>\n<p>Gama de medi\u00e7\u00e3o de 1 a 3.000 g<br \/>\nGama de medi\u00e7\u00e3o de -1 a -1.000 g<\/p>\n","protected":false},"excerpt":{"rendered":"<div class=\"bzg79r4 bzg79r13 bzg79r2d\">\n<div class=\"br4z3ij\">\n<div class=\"s2ykj80 s2ykj84\">\n<div class=\"s2ykj83\">\n<div class=\"bzg79r4 bzg79r13 bzg79r2d\">\n<div class=\"br4z3ij\">\n<div class=\"s2ykj80 s2ykj84\">\n<div class=\"s2ykj83\">\n<h4><strong>Chegou a hora da Bimby TM7!<\/strong><\/h4>\n<p>Com tecnologia inteligente e design elegante, o Bimby\u00ae TM7 eleva a cozinha a um novo patamar. Bimby \u2013 como nunca antes!<\/p>\n<p><strong>\u2714\ufe0f Substitui mais de 20 eletrodom\u00e9sticos<\/strong><\/p>\n<p><strong>\u2714\ufe0f Mais de 10.000 receitas acess\u00edveis diretamente no ecr\u00e3 (3 meses gr\u00e1tis* na plataforma de receitas Cookidoo)<\/strong><\/p>\n<p><strong>\u2714\ufe0f Funcionamento silencioso incompar\u00e1vel gra\u00e7as ao seu motor exclusivo<\/strong><\/p>\n<p><strong>\u2714\ufe0f Garantia de 3 anos**<\/strong><\/p>\n<p>IVA de 19% inclu\u00eddo, portes gr\u00e1tis<br \/>\nEntrega em 1 a 3 dias<\/p>\n<\/div>\n<\/div>\n<\/div>\n<\/div>\n<\/div>\n<\/div>\n<\/div>\n<\/div>\n","protected":false},"featured_media":28432,"comment_status":"open","ping_status":"closed","template":"","meta":[],"product_brand":[],"product_cat":[20],"product_tag":[72],"class_list":{"0":"post-27883","1":"product","2":"type-product","3":"status-publish","4":"has-post-thumbnail","6":"product_cat-thermomix-tm7","7":"product_tag-black-friday-spezialangebote","9":"first","10":"instock","11":"sale","12":"shipping-taxable","13":"purchasable","14":"product-type-simple"},"_links":{"self":[{"href":"https:\/\/tm7shop.com\/pt\/wp-json\/wp\/v2\/product\/27883","targetHints":{"allow":["GET"]}}],"collection":[{"href":"https:\/\/tm7shop.com\/pt\/wp-json\/wp\/v2\/product"}],"about":[{"href":"https:\/\/tm7shop.com\/pt\/wp-json\/wp\/v2\/types\/product"}],"replies":[{"embeddable":true,"href":"https:\/\/tm7shop.com\/pt\/wp-json\/wp\/v2\/comments?post=27883"}],"version-history":[{"count":11,"href":"https:\/\/tm7shop.com\/pt\/wp-json\/wp\/v2\/product\/27883\/revisions"}],"predecessor-version":[{"id":28433,"href":"https:\/\/tm7shop.com\/pt\/wp-json\/wp\/v2\/product\/27883\/revisions\/28433"}],"wp:featuredmedia":[{"embeddable":true,"href":"https:\/\/tm7shop.com\/pt\/wp-json\/wp\/v2\/media\/28432"}],"wp:attachment":[{"href":"https:\/\/tm7shop.com\/pt\/wp-json\/wp\/v2\/media?parent=27883"}],"wp:term":[{"taxonomy":"product_brand","embeddable":true,"href":"https:\/\/tm7shop.com\/pt\/wp-json\/wp\/v2\/product_brand?post=27883"},{"taxonomy":"product_cat","embeddable":true,"href":"https:\/\/tm7shop.com\/pt\/wp-json\/wp\/v2\/product_cat?post=27883"},{"taxonomy":"product_tag","embeddable":true,"href":"https:\/\/tm7shop.com\/pt\/wp-json\/wp\/v2\/product_tag?post=27883"}],"curies":[{"name":"wp","href":"https:\/\/api.w.org\/{rel}","templated":true}]}}